{"id":34,"date":"2023-08-20T11:04:16","date_gmt":"2023-08-20T04:04:16","guid":{"rendered":"https:\/\/timhieuthanhkinh.com\/aunhi\/about\/"},"modified":"2023-12-29T00:09:47","modified_gmt":"2023-12-28T17:09:47","slug":"about","status":"publish","type":"page","link":"https:\/\/timhieuthanhkinh.com\/aunhi\/about\/","title":{"rendered":"V\u1ec1 Ch\u00fang T\u00f4i"},"content":{"rendered":"\t\t<div data-elementor-type=\"wp-page\" data-elementor-id=\"34\" class=\"elementor elementor-34\" data-elementor-post-type=\"page\">\n\t\t\t\t\t\t<section class=\"elementor-section elementor-top-section elementor-element elementor-element-7505d8f4 elementor-section-height-min-height elementor-section-items-stretch elementor-section-full_width elementor-section-height-default\" data-id=\"7505d8f4\" data-element_type=\"section\">\n\t\t\t\t\t\t<div class=\"elementor-container elementor-column-gap-default\">\n\t\t\t\t\t<div class=\"elementor-column elementor-col-50 elementor-top-column elementor-element elementor-element-22d48369\" data-id=\"22d48369\" data-element_type=\"column\">\n\t\t\t<div class=\"elementor-widget-wrap elementor-element-populated\">\n\t\t\t\t\t\t<div class=\"elementor-element elementor-element-77d30f4f elementor-widget__width-initial elementor-widget elementor-widget-text-editor\" data-id=\"77d30f4f\" data-element_type=\"widget\" data-widget_type=\"text-editor.default\">\n\t\t\t\t<div class=\"elementor-widget-container\">\n\t\t\t\t\t\t\t\t\t<p class=\"p1\">K\u00ednh th\u01b0a qu\u00fd b\u1ea1n \u0111\u1ecdc,<\/p>\n<p class=\"p1\">Ch\u00fang t\u00f4i l\u00e0 nh\u1eefng ng\u01b0\u1eddi tin Ch\u00faa c\u1ee7a Th\u00e1nh Kinh. Ch\u00fang t\u00f4i mu\u1ed1n d\u1ea1y d\u1ed7 con ch\u00e1u c\u1ee7a m\u00ecnh theo \u0111\u01b0\u1eddng l\u1ed1i c\u1ee7a Ch\u00faa. V\u00ec c\u00e1c con ch\u00e1u c\u1ee7a ch\u00fang t\u00f4i c\u00f2n qu\u00e1 nh\u1ecf n\u00ean r\u1ea5t c\u1ea7n c\u00e1c h\u00ecnh \u1ea3nh \u0111\u1ec3 minh h\u1ecda cho b\u00e0i h\u1ecdc. Ch\u00fang t\u00f4i c\u1eady \u01a1n Ch\u00faa m\u00e0 v\u1ebd h\u00ecnh nh\u1eb1m gi\u00fap cho c\u00e1c ch\u00e1u d\u1ec5 nh\u1edb m\u00e0 hi\u1ec3u b\u00e0i h\u1ecdc d\u00f9 c\u00e1c ch\u00e1u ch\u01b0a bi\u1ebft \u0111\u1ecdc, bi\u1ebft vi\u1ebft nh\u01b0ng v\u1eabn n\u1eafm b\u1eaft d\u1ec5 d\u00e0ng. Ch\u00fang t\u00f4i nguy\u1ec7n xin Ch\u00faa ban cho qu\u00fd b\u1ea1n nhi\u1ec1u ni\u1ec1m vui v\u00e0 nh\u1eadn \u0111\u01b0\u1ee3c nhi\u1ec1u s\u1ef1 d\u1ea1y d\u1ed7 t\u1eeb n\u01a1i Ch\u00faa qua s\u1ef1 h\u1ecdc Th\u00e1nh Kinh b\u1eb1ng h\u00ecnh \u1ea3nh!<\/p>\n<p class=\"p1\">Trong \u00e2n \u0111i\u1ec3n c\u1ee7a \u0110\u1ee9c Ch\u00faa Jesus Christ.<br>Ban Ch\u0103m S\u00f3c C\u00e1c Ch\u00e1u \u1ea4u Nhi<\/p>\t\t\t\t\t\t\t\t<\/div>\n\t\t\t\t<\/div>\n\t\t\t\t\t<\/div>\n\t\t<\/div>\n\t\t\t\t<div class=\"elementor-column elementor-col-50 elementor-top-column elementor-element elementor-element-14d75c4d\" data-id=\"14d75c4d\" data-element_type=\"column\" data-settings=\"{&quot;background_background&quot;:&quot;classic&quot;,&quot;background_motion_fx_motion_fx_scrolling&quot;:&quot;yes&quot;,&quot;background_motion_fx_devices&quot;:[&quot;desktop&quot;,&quot;tablet&quot;,&quot;mobile&quot;]}\">\n\t\t\t<div class=\"elementor-widget-wrap elementor-element-populated\">\n\t\t\t\t\t\t<div class=\"elementor-element elementor-element-5f893360 elementor-widget elementor-widget-spacer\" data-id=\"5f893360\" data-element_type=\"widget\" data-widget_type=\"spacer.default\">\n\t\t\t\t<div class=\"elementor-widget-container\">\n\t\t\t\t\t\t\t<div class=\"elementor-spacer\">\n\t\t\t<div class=\"elementor-spacer-inner\"><\/div>\n\t\t<\/div>\n\t\t\t\t\t\t<\/div>\n\t\t\t\t<\/div>\n\t\t\t\t\t<\/div>\n\t\t<\/div>\n\t\t\t\t\t<\/div>\n\t\t<\/section>\n\t\t\t\t<section class=\"elementor-section elementor-top-section elementor-element elementor-element-68243b4d elementor-section-full_width elementor-section-height-default elementor-section-height-default\" data-id=\"68243b4d\" data-element_type=\"section\">\n\t\t\t\t\t\t<div class=\"elementor-container elementor-column-gap-default\">\n\t\t\t\t\t<div class=\"elementor-column elementor-col-100 elementor-top-column elementor-element elementor-element-14398328\" data-id=\"14398328\" data-element_type=\"column\">\n\t\t\t<div class=\"elementor-widget-wrap elementor-element-populated\">\n\t\t\t\t\t\t<div class=\"elementor-element elementor-element-32c6a707 elementor-widget elementor-widget-heading\" data-id=\"32c6a707\" data-element_type=\"widget\" data-widget_type=\"heading.default\">\n\t\t\t\t<div class=\"elementor-widget-container\">\n\t\t\t\t\t<h2 class=\"elementor-heading-title elementor-size-default\">Popular Posts:<\/h2>\t\t\t\t<\/div>\n\t\t\t\t<\/div>\n\t\t\t\t<div class=\"elementor-element elementor-element-76e2f469 elementor-posts__hover-none elementor-grid-3 elementor-grid-tablet-2 elementor-grid-mobile-1 elementor-posts--thumbnail-top elementor-widget elementor-widget-posts\" data-id=\"76e2f469\" data-element_type=\"widget\" data-settings=\"{&quot;cards_row_gap&quot;:{&quot;unit&quot;:&quot;px&quot;,&quot;size&quot;:80,&quot;sizes&quot;:[]},&quot;cards_row_gap_tablet&quot;:{&quot;unit&quot;:&quot;px&quot;,&quot;size&quot;:71,&quot;sizes&quot;:[]},&quot;cards_row_gap_mobile&quot;:{&quot;unit&quot;:&quot;px&quot;,&quot;size&quot;:30,&quot;sizes&quot;:[]},&quot;cards_columns&quot;:&quot;3&quot;,&quot;cards_columns_tablet&quot;:&quot;2&quot;,&quot;cards_columns_mobile&quot;:&quot;1&quot;}\" data-widget_type=\"posts.cards\">\n\t\t\t\t<div class=\"elementor-widget-container\">\n\t\t\t\t\t\t\t<div class=\"elementor-posts-container elementor-posts elementor-posts--skin-cards elementor-grid\">\n\t\t\t\t<article class=\"elementor-post elementor-grid-item post-910 post type-post status-publish format-standard hentry category-tho\">\n\t\t\t<div class=\"elementor-post__card\">\n\t\t\t\t<div class=\"elementor-post__text\">\n\t\t\t\t<h4 class=\"elementor-post__title\">\n\t\t\t<a href=\"https:\/\/timhieuthanhkinh.com\/aunhi\/ly-do-co-nhieu-ngon-ngu-thap-ba-ben\/\" >\n\t\t\t\tTh\u01a1 L\u00fd Do C\u00f3 Nhi\u1ec1u Ng\u00f4n Ng\u1eef (Th\u00e1p Ba-b\u00ean)\t\t\t<\/a>\n\t\t<\/h4>\n\t\t\t\t<div class=\"elementor-post__excerpt\">\n\t\t\t<p>C\u1ea3 \u0111\u1ea5t x\u01b0a ch\u1ec9 c\u00f3M\u1ed9t ng\u00f4n ng\u1eef m\u00e0 th\u00f4iNh\u01b0ng ng\u01b0\u1eddi kh\u00f4ng k\u00ednh Tr\u1eddiN\u00ean x\u00e2y th\u00e0nh x\u00e2y th\u00e1p\u0110\u1ec3 kh\u1ecfi \u0111i t\u1ea3n<\/p>\n\t\t<\/div>\n\t\t\n\t\t<a class=\"elementor-post__read-more\" href=\"https:\/\/timhieuthanhkinh.com\/aunhi\/ly-do-co-nhieu-ngon-ngu-thap-ba-ben\/\" aria-label=\"Read more about Th\u01a1 L\u00fd Do C\u00f3 Nhi\u1ec1u Ng\u00f4n Ng\u1eef (Th\u00e1p Ba-b\u00ean)\" tabindex=\"-1\" >\n\t\t\tRead More\t\t<\/a>\n\n\t\t\t\t<\/div>\n\t\t\t\t\t<\/div>\n\t\t<\/article>\n\t\t\t\t<article class=\"elementor-post elementor-grid-item post-904 post type-post status-publish format-standard hentry category-tho\">\n\t\t\t<div class=\"elementor-post__card\">\n\t\t\t\t<div class=\"elementor-post__text\">\n\t\t\t\t<h4 class=\"elementor-post__title\">\n\t\t\t<a href=\"https:\/\/timhieuthanhkinh.com\/aunhi\/tho-ngan-ve-no-e\/\" >\n\t\t\t\tTh\u01a1 Ng\u1eafn v\u1ec1 N\u00f4-\u00ea\t\t\t<\/a>\n\t\t<\/h4>\n\t\t\t\t<div class=\"elementor-post__excerpt\">\n\t\t\t<p>Lo\u00e0i ng\u01b0\u1eddi sinh th\u00eam nhi\u1ec1uC\u00e0ng l\u00e0m \u0111i\u1ec1u t\u1ed9i l\u1ed7iN\u00f4-\u00ea th\u00ec l\u00e1nh t\u1ed9iC\u00f4ng ch\u00ednh gi\u1eefa th\u1ebf gian B\u1edfi t\u1ed9i l\u1ed7i ng\u1eadp<\/p>\n\t\t<\/div>\n\t\t\n\t\t<a class=\"elementor-post__read-more\" href=\"https:\/\/timhieuthanhkinh.com\/aunhi\/tho-ngan-ve-no-e\/\" aria-label=\"Read more about Th\u01a1 Ng\u1eafn v\u1ec1 N\u00f4-\u00ea\" tabindex=\"-1\" >\n\t\t\tRead More\t\t<\/a>\n\n\t\t\t\t<\/div>\n\t\t\t\t\t<\/div>\n\t\t<\/article>\n\t\t\t\t<article class=\"elementor-post elementor-grid-item post-900 post type-post status-publish format-standard hentry category-tho\">\n\t\t\t<div class=\"elementor-post__card\">\n\t\t\t\t<div class=\"elementor-post__text\">\n\t\t\t\t<h4 class=\"elementor-post__title\">\n\t\t\t<a href=\"https:\/\/timhieuthanhkinh.com\/aunhi\/tho-no-e\/\" >\n\t\t\t\tTh\u01a1 D\u00e0i V\u1ec1 N\u00f4-\u00ea\t\t\t<\/a>\n\t\t<\/h4>\n\t\t\t\t<div class=\"elementor-post__excerpt\">\n\t\t\t<p>Th\u01a1 D\u00e0i V\u1ec1 N\u00f4-\u00ea Lo\u00e0i ng\u01b0\u1eddi sinh s\u1ea3n th\u00eam nhi\u1ec1uC\u00e0ng th\u00eam t\u1ed9i l\u1ed7i, th\u00eam \u0111i\u1ec1u nhu\u1ed1c nh\u01a1Ch\u00faa th\u00ec y\u00eau h\u1ecd<\/p>\n\t\t<\/div>\n\t\t\n\t\t<a class=\"elementor-post__read-more\" href=\"https:\/\/timhieuthanhkinh.com\/aunhi\/tho-no-e\/\" aria-label=\"Read more about Th\u01a1 D\u00e0i V\u1ec1 N\u00f4-\u00ea\" tabindex=\"-1\" >\n\t\t\tRead More\t\t<\/a>\n\n\t\t\t\t<\/div>\n\t\t\t\t\t<\/div>\n\t\t<\/article>\n\t\t\t\t<\/div>\n\t\t\n\t\t\t\t\t\t<\/div>\n\t\t\t\t<\/div>\n\t\t\t\t\t<\/div>\n\t\t<\/div>\n\t\t\t\t\t<\/div>\n\t\t<\/section>\n\t\t\t\t<\/div>\n\t\t","protected":false},"excerpt":{"rendered":"<p>K\u00ednh th\u01b0a qu\u00fd b\u1ea1n \u0111\u1ecdc, Ch\u00fang t\u00f4i l\u00e0 nh\u1eefng ng\u01b0\u1eddi tin Ch\u00faa c\u1ee7a Th\u00e1nh Kinh. Ch\u00fang t\u00f4i mu\u1ed1n d\u1ea1y d\u1ed7 con ch\u00e1u c\u1ee7a m\u00ecnh theo \u0111\u01b0\u1eddng l\u1ed1i c\u1ee7a Ch\u00faa. V\u00ec c\u00e1c con ch\u00e1u c\u1ee7a ch\u00fang t\u00f4i c\u00f2n qu\u00e1 nh\u1ecf n\u00ean r\u1ea5t c\u1ea7n c\u00e1c h\u00ecnh \u1ea3nh \u0111\u1ec3 minh h\u1ecda cho b\u00e0i h\u1ecdc. Ch\u00fang t\u00f4i c\u1eady \u01a1n [&hellip;]<\/p>\n","protected":false},"author":1,"featured_media":0,"parent":0,"menu_order":0,"comment_status":"closed","ping_status":"closed","template":"elementor_header_footer","meta":{"footnotes":""},"class_list":["post-34","page","type-page","status-publish","hentry"],"_links":{"self":[{"href":"https:\/\/timhieuthanhkinh.com\/aunhi\/wp-json\/wp\/v2\/pages\/34","targetHints":{"allow":["GET"]}}],"collection":[{"href":"https:\/\/timhieuthanhkinh.com\/aunhi\/wp-json\/wp\/v2\/pages"}],"about":[{"href":"https:\/\/timhieuthanhkinh.com\/aunhi\/wp-json\/wp\/v2\/types\/page"}],"author":[{"embeddable":true,"href":"https:\/\/timhieuthanhkinh.com\/aunhi\/wp-json\/wp\/v2\/users\/1"}],"replies":[{"embeddable":true,"href":"https:\/\/timhieuthanhkinh.com\/aunhi\/wp-json\/wp\/v2\/comments?post=34"}],"version-history":[{"count":29,"href":"https:\/\/timhieuthanhkinh.com\/aunhi\/wp-json\/wp\/v2\/pages\/34\/revisions"}],"predecessor-version":[{"id":340,"href":"https:\/\/timhieuthanhkinh.com\/aunhi\/wp-json\/wp\/v2\/pages\/34\/revisions\/340"}],"wp:attachment":[{"href":"https:\/\/timhieuthanhkinh.com\/aunhi\/wp-json\/wp\/v2\/media?parent=34"}],"curies":[{"name":"wp","href":"https:\/\/api.w.org\/{rel}","templated":true}]}}