{"id":177,"date":"2014-03-25T20:14:29","date_gmt":"2014-03-25T14:14:29","guid":{"rendered":"http:\/\/www.thieunhi.timhieuthanhkinh.net\/?page_id=177"},"modified":"2020-04-30T11:15:51","modified_gmt":"2020-04-30T04:15:51","slug":"lien-lac","status":"publish","type":"page","link":"https:\/\/timhieuthanhkinh.com\/thieunhi\/lien-lac\/","title":{"rendered":"Li\u00ean L\u1ea1c"},"content":{"rendered":"<p>Ch\u00fang t\u00f4i lu\u00f4n s\u1eb5n s\u00e0ng l\u1eafng nghe v\u00e0 trao \u0111\u1ed5i c\u00f9ng qu\u00fd b\u1ea1n \u0111\u1ecdc, nh\u01b0ng \u0111\u1ec3 ti\u1ebft ki\u1ec7m th\u1eddi gian v\u00e0 t\u1ed1i \u01b0u quy tr\u00ecnh trao \u0111\u1ed5i, k\u00ednh xin qu\u00fd b\u1ea1n \u0111\u1ecdc xem qua m\u1ed9t s\u1ed1 g\u1ee3i \u00fd li\u00ean l\u1ea1c d\u01b0\u1edbi \u0111\u00e2y:<\/p>\n<ul>\n<li style=\"list-style-type: none;\">\n<ul>\n<li>M\u1ecdi th\u1eafc m\u1eafc v\u1ec1 Th\u00e1nh Kinh, th\u1ea7n h\u1ecdc, xin g\u1eedi email v\u1ec1 ng\u01b0\u1eddi qu\u1ea3n nhi\u1ec7m Hu\u1ef3nh Christian Timothy:<\/li>\n<\/ul>\n<\/li>\n<\/ul>\n<p style=\"text-align: center;\"><strong><a href=\"mailto:tim@timhieutinlanh.net\">timhuynh@timhieuthanhkinh.net<\/a><\/strong><\/p>\n<ul>\n<li style=\"list-style-type: none;\">\n<ul>\n<li>M\u1ecdi trao \u0111\u1ed5i, g\u00f3p \u00fd cho m\u1ee5c v\u1ee5 Thi\u1ebfu Nhi T\u00ecm Hi\u1ec3u Th\u00e1nh Kinh xin g\u1eedi email v\u1ec1\u00a0Ban \u0111i\u1ec1u h\u00e0nh:<\/li>\n<\/ul>\n<\/li>\n<\/ul>\n<p style=\"text-align: center;\"><strong><a href=\"mailto:thieunhitimhieuthanhkinh@gmail.com\">thieunhitimhieuthanhkinh@gmail.com<\/a><\/strong><\/p>\n","protected":false},"excerpt":{"rendered":"<p>Ch\u00fang t\u00f4i lu\u00f4n s\u1eb5n s\u00e0ng l\u1eafng nghe v\u00e0 trao \u0111\u1ed5i c\u00f9ng qu\u00fd b\u1ea1n \u0111\u1ecdc, nh\u01b0ng \u0111\u1ec3 ti\u1ebft ki\u1ec7m th\u1eddi gian v\u00e0 t\u1ed1i \u01b0u quy tr\u00ecnh trao \u0111\u1ed5i, k\u00ednh xin qu\u00fd <a class=\"more-link\" href=\"https:\/\/timhieuthanhkinh.com\/thieunhi\/lien-lac\/\">Continue Reading &rarr;<\/a><\/p>\n","protected":false},"author":1,"featured_media":0,"parent":0,"menu_order":0,"comment_status":"closed","ping_status":"closed","template":"","meta":{"footnotes":""},"class_list":["post-177","page","type-page","status-publish","hentry"],"_links":{"self":[{"href":"https:\/\/timhieuthanhkinh.com\/thieunhi\/wp-json\/wp\/v2\/pages\/177","targetHints":{"allow":["GET"]}}],"collection":[{"href":"https:\/\/timhieuthanhkinh.com\/thieunhi\/wp-json\/wp\/v2\/pages"}],"about":[{"href":"https:\/\/timhieuthanhkinh.com\/thieunhi\/wp-json\/wp\/v2\/types\/page"}],"author":[{"embeddable":true,"href":"https:\/\/timhieuthanhkinh.com\/thieunhi\/wp-json\/wp\/v2\/users\/1"}],"replies":[{"embeddable":true,"href":"https:\/\/timhieuthanhkinh.com\/thieunhi\/wp-json\/wp\/v2\/comments?post=177"}],"version-history":[{"count":10,"href":"https:\/\/timhieuthanhkinh.com\/thieunhi\/wp-json\/wp\/v2\/pages\/177\/revisions"}],"predecessor-version":[{"id":4419,"href":"https:\/\/timhieuthanhkinh.com\/thieunhi\/wp-json\/wp\/v2\/pages\/177\/revisions\/4419"}],"wp:attachment":[{"href":"https:\/\/timhieuthanhkinh.com\/thieunhi\/wp-json\/wp\/v2\/media?parent=177"}],"curies":[{"name":"wp","href":"https:\/\/api.w.org\/{rel}","templated":true}]}}